{"id":121,"date":"2017-09-14T23:46:28","date_gmt":"2017-09-14T21:46:28","guid":{"rendered":"https:\/\/www.musikverein-neuthard.de\/?page_id=121"},"modified":"2021-06-07T11:45:04","modified_gmt":"2021-06-07T09:45:04","slug":"ausbildung-beim-mvn","status":"publish","type":"page","link":"https:\/\/www.musikverein-neuthard.de\/index.php\/ausbildung-beim-mvn\/","title":{"rendered":"Ausbildung beim MVN"},"content":{"rendered":"<p>Beim Musikverein Neuthard bieten wir f\u00fcr jede Altersgruppe ein passendes musikalisches Ausbildungsangebot.<\/p>\n<p>Bitte informieren Sie sich \u00fcber die einzelnen Bereiche in den Unterpunkten im Men\u00fc &#8222;Ausbildung&#8220;.<\/p>\n<p>Weitere Informationen und Anmeldung bei Judith Duhn per Email an <a href=\"mailto:ausbildung@musikverein-neuthard.de\">ausbildung@musikverein-neuthard.de<\/a>.<\/p>\n","protected":false},"excerpt":{"rendered":"<p>Beim Musikverein Neuthard bieten wir f\u00fcr jede Altersgruppe ein passendes musikalisches Ausbildungsangebot. Bitte informieren Sie sich \u00fcber die einzelnen Bereiche in den Unterpunkten im Men\u00fc<\/p>\n","protected":false},"author":3,"featured_media":0,"parent":0,"menu_order":0,"comment_status":"closed","ping_status":"closed","template":"","meta":{"footnotes":""},"class_list":["post-121","page","type-page","status-publish","hentry"],"_links":{"self":[{"href":"https:\/\/www.musikverein-neuthard.de\/index.php\/wp-json\/wp\/v2\/pages\/121","targetHints":{"allow":["GET"]}}],"collection":[{"href":"https:\/\/www.musikverein-neuthard.de\/index.php\/wp-json\/wp\/v2\/pages"}],"about":[{"href":"https:\/\/www.musikverein-neuthard.de\/index.php\/wp-json\/wp\/v2\/types\/page"}],"author":[{"embeddable":true,"href":"https:\/\/www.musikverein-neuthard.de\/index.php\/wp-json\/wp\/v2\/users\/3"}],"replies":[{"embeddable":true,"href":"https:\/\/www.musikverein-neuthard.de\/index.php\/wp-json\/wp\/v2\/comments?post=121"}],"version-history":[{"count":3,"href":"https:\/\/www.musikverein-neuthard.de\/index.php\/wp-json\/wp\/v2\/pages\/121\/revisions"}],"predecessor-version":[{"id":1298,"href":"https:\/\/www.musikverein-neuthard.de\/index.php\/wp-json\/wp\/v2\/pages\/121\/revisions\/1298"}],"wp:attachment":[{"href":"https:\/\/www.musikverein-neuthard.de\/index.php\/wp-json\/wp\/v2\/media?parent=121"}],"curies":[{"name":"wp","href":"https:\/\/api.w.org\/{rel}","templated":true}]}}