{"id":210,"date":"2017-09-15T10:29:18","date_gmt":"2017-09-15T08:29:18","guid":{"rendered":"https:\/\/www.musikverein-neuthard.de\/?page_id=210"},"modified":"2017-09-15T10:29:18","modified_gmt":"2017-09-15T08:29:18","slug":"unterricht-fuer-erwachsene-es-ist-nie-zu-spaet","status":"publish","type":"page","link":"https:\/\/www.musikverein-neuthard.de\/index.php\/unterricht-fuer-erwachsene-es-ist-nie-zu-spaet\/","title":{"rendered":"Unterricht f\u00fcr Erwachsene &#8211; es ist nie zu sp\u00e4t!"},"content":{"rendered":"<p>Ganz gleich ob sie Anf\u00e4nger oder Wiedereinsteiger sind, oder einfach nur den Wunsch haben gemeinsam mit ihren Kindern zu musizieren. Im Unterricht f\u00fcr Erwachsene wird ein f\u00fcr &#8222;die Gro\u00dfen&#8220; zugeschnittenes Lernprogramm angeboten.<\/p>\n<p>Ohne Vorkenntnisse, aber mit jeder Menge Spa\u00df lernen sie die Instrumente auch mal von einer ganz anderen Seite kennen und kommen so der Musik einen gro\u00dfen Schritt n\u00e4her.<\/p>\n<p>Wir freuen uns auf Sie!<\/p>\n","protected":false},"excerpt":{"rendered":"<p>Ganz gleich ob sie Anf\u00e4nger oder Wiedereinsteiger sind, oder einfach nur den Wunsch haben gemeinsam mit ihren Kindern zu musizieren. Im Unterricht f\u00fcr Erwachsene wird<\/p>\n","protected":false},"author":3,"featured_media":0,"parent":0,"menu_order":0,"comment_status":"closed","ping_status":"closed","template":"","meta":{"footnotes":""},"class_list":["post-210","page","type-page","status-publish","hentry"],"_links":{"self":[{"href":"https:\/\/www.musikverein-neuthard.de\/index.php\/wp-json\/wp\/v2\/pages\/210","targetHints":{"allow":["GET"]}}],"collection":[{"href":"https:\/\/www.musikverein-neuthard.de\/index.php\/wp-json\/wp\/v2\/pages"}],"about":[{"href":"https:\/\/www.musikverein-neuthard.de\/index.php\/wp-json\/wp\/v2\/types\/page"}],"author":[{"embeddable":true,"href":"https:\/\/www.musikverein-neuthard.de\/index.php\/wp-json\/wp\/v2\/users\/3"}],"replies":[{"embeddable":true,"href":"https:\/\/www.musikverein-neuthard.de\/index.php\/wp-json\/wp\/v2\/comments?post=210"}],"version-history":[{"count":1,"href":"https:\/\/www.musikverein-neuthard.de\/index.php\/wp-json\/wp\/v2\/pages\/210\/revisions"}],"predecessor-version":[{"id":211,"href":"https:\/\/www.musikverein-neuthard.de\/index.php\/wp-json\/wp\/v2\/pages\/210\/revisions\/211"}],"wp:attachment":[{"href":"https:\/\/www.musikverein-neuthard.de\/index.php\/wp-json\/wp\/v2\/media?parent=210"}],"curies":[{"name":"wp","href":"https:\/\/api.w.org\/{rel}","templated":true}]}}